{"id":2026,"date":"2025-12-18T11:05:54","date_gmt":"2025-12-18T10:05:54","guid":{"rendered":"https:\/\/polgec.igf.edu.pl\/?page_id=2026"},"modified":"2026-03-20T11:21:27","modified_gmt":"2026-03-20T10:21:27","slug":"dataset","status":"publish","type":"page","link":"https:\/\/polgec.igf.edu.pl\/index.php\/dataset\/","title":{"rendered":"Dataset"},"content":{"rendered":"\n<p>Main POLGEC digital dataset was created from paper publications of <a href=\"https:\/\/www.igf.edu.pl\/en\/science\/observatories\/swider\/\">\u015awider Geophysical Observatory<\/a> and <a href=\"https:\/\/www.igf.edu.pl\/en\/our-publications\/\">Institute of Geophysics PAS<\/a>, previously published as \u015awider atmospheric electricity and meteorology yearbooks. The collection edited by us contains scanned yearbooks 1957-2005, and data transcribed from all tables. The dataset will be available in open access from January 20, 2026.<\/p>\n\n\n\n<p>Link: <a href=\"https:\/\/dataportal.igf.edu.pl\/dataset\/digitised-atmospheric-electricity-yearbooks-swider-observatory-1957-2005\">Digitised atmospheric electricity yearbooks of Stanis\u0142aw Kalinowski Geophysical Observatory in \u015awider, Poland, 1957-2005 &#8211; Dataset &#8211; IG PAS Data Portal<\/a>, DOI: 10.25171\/InstGeoph_PAS_IGData-2025_09_15-01<\/p>\n\n\n\n<p>The collection covers the following yearbooks:<\/p>\n\n\n\n<p>Warzecha S. (Ed.): Rocznik Elektryczno\u015bci Atmosferycznej i Meteorologii 1957, Prace Obs. Geof. \u015awider 16, 1960.<\/p>\n\n\n\n<p>Warzecha S. (Ed.): Rocznik Elektryczno\u015bci Atmosferycznej i Meteorologii 1958, Prace Obs. Geof. \u015awider 19, 1961.<\/p>\n\n\n\n<p>Warzecha S. (Ed.): Rocznik Elektryczno\u015bci Atmosferycznej i Meteorologii 1959, Prace Obs. Geof. \u015awider 20, 1961.<\/p>\n\n\n\n<p>Warzecha S. (Ed.): Rocznik Elektryczno\u015bci Atmosferycznej i Meteorologii 1960, Prace Obs. Geof. \u015awider 22, 1962.<\/p>\n\n\n\n<p>Warzecha S. (Ed.): Rocznik Elektryczno\u015bci Atmosferycznej i Meteorologii 1961, Prace Obs. Geof. \u015awider 25, 1963.<\/p>\n\n\n\n<p>Warzecha S. (Ed.): Rocznik Elektryczno\u015bci Atmosferycznej i Meteorologii 1962, Prace Obs. Geof. \u015awider 29, 1964.<\/p>\n\n\n\n<p>Warzecha S. (Ed.): Rocznik Elektryczno\u015bci Atmosferycznej i Meteorologii 1963, Prace Obs. Geof. \u015awider 33, 1966.<\/p>\n\n\n\n<p>Warzecha S. (Ed.): Rocznik Elektryczno\u015bci Atmosferycznej i Meteorologii 1964, Prace Obs. Geof. \u015awider 34, 1967.<\/p>\n\n\n\n<p>Warzecha S. (Ed.): Rocznik Elektryczno\u015bci Atmosferycznej i Meteorologii 1965, Prace Obs. Geof. \u015awider 38, 1968.<\/p>\n\n\n\n<p>Warzecha S. (Ed.): \u00c9lectricit\u00e9 atmosph\u00e9rique et m\u00e9t\u00e9orologie Observatoire G\u00e9ophysique de St. Kalinowski \u00e0 \u015awider 1966, Mater. Prace Zak\u0142. Geofizyki 23, 1968.<\/p>\n\n\n\n<p>Warzecha S. (Ed.): \u00c9lectricit\u00e9 atmosph\u00e9rique et m\u00e9t\u00e9orologie Observatoire G\u00e9ophysique de St. Kalinowski \u00e0 \u015awider 1967, Mater. Prace Zak\u0142. Geofizyki 28, 1969.<\/p>\n\n\n\n<p>Warzecha S. (Ed.): \u00c9lectricit\u00e9 atmosph\u00e9rique et m\u00e9t\u00e9orologie Observatoire G\u00e9ophysique de St. Kalinowski \u00e0 \u015awider 1968, Mater. Prace Zak\u0142. Geofizyki 38, 1970.<\/p>\n\n\n\n<p>Warzecha S. (Ed.): \u00c9lectricit\u00e9 atmosph\u00e9rique et m\u00e9t\u00e9orologie Observatoire G\u00e9ophysique de St. Kalinowski \u00e0 \u015awider 1969, Mater. Prace Zak\u0142. Geofizyki 44, 1971.<\/p>\n\n\n\n<p>Warzecha S. (Ed.): \u00c9lectricit\u00e9 atmosph\u00e9rique et m\u00e9t\u00e9orologie Observatoire G\u00e9ophysique de St. Kalinowski \u00e0 \u015awider 1970, Mater. Prace Zak\u0142. Geofizyki 53, 1972.<\/p>\n\n\n\n<p>Warzecha S. (Ed.): \u00c9lectricit\u00e9 atmosph\u00e9rique et m\u00e9t\u00e9orologie Observatoire G\u00e9ophysique de St. Kalinowski \u00e0 \u015awider 1971, Mater. Prace Zak\u0142. Geofizyki 63, 1973.<\/p>\n\n\n\n<p>Warzecha S. (Ed.): \u00c9lectricit\u00e9 atmosph\u00e9rique et m\u00e9t\u00e9orologie Observatoire G\u00e9ophysique de St. Kalinowski \u00e0 \u015awider 1972, Mater. Prace Zak\u0142. Geofizyki 77, 1974.<\/p>\n\n\n\n<p>Warzecha S. (Ed.): \u00c9lectricit\u00e9 atmosph\u00e9rique et m\u00e9t\u00e9orologie Observatoire G\u00e9ophysique de St. Kalinowski \u00e0 \u015awider 1973, Mater. Prace Zak\u0142. Geofizyki 80, 1974.<\/p>\n\n\n\n<p>Warzecha S. (Ed.): \u00c9lectricit\u00e9 atmosph\u00e9rique et m\u00e9t\u00e9orologie Observatoire G\u00e9ophysique de St. Kalinowski \u00e0 \u015awider 1974, Mater. Prace Zak\u0142. Geofizyki 92, 1976.<\/p>\n\n\n\n<p>Warzecha S. (Ed.): \u00c9lectricit\u00e9 atmosph\u00e9rique et m\u00e9t\u00e9orologie Observatoire G\u00e9ophysique de S. Kalinowski \u00e0 \u015awider 1975, Publs. Inst. Geophys. Pol. Acad. Sci. 104 (D-2), 1977.<\/p>\n\n\n\n<p>Warzecha S. (Ed.): \u00c9lectricit\u00e9 atmosph\u00e9rique et m\u00e9t\u00e9orologie Observatoire G\u00e9ophysique de S. Kalinowski \u00e0 \u015awider 1976, Publs. Inst. Geophys. Pol. Acad. Sci. 121 (D-6) , 1978.<\/p>\n\n\n\n<p>Warzecha S. (Ed.): \u00c9lectricit\u00e9 atmosph\u00e9rique et m\u00e9t\u00e9orologie Observatoire G\u00e9ophysique de S. Kalinowski \u00e0 \u015awider 1977, Publs. Inst. Geophys. Pol. Acad. Sci. 131 (D-8) , 1979.<\/p>\n\n\n\n<p>Warzecha S. (Ed.): \u00c9lectricit\u00e9 atmosph\u00e9rique et m\u00e9t\u00e9orologie Observatoire G\u00e9ophysique de S. Kalinowski \u00e0 \u015awider 1978, Publs. Inst. Geophys. Pol. Acad. Sci. 140 (D-10) , 1980.<\/p>\n\n\n\n<p>Warzecha S. (Ed.): \u00c9lectricit\u00e9 atmosph\u00e9rique et m\u00e9t\u00e9orologie Observatoire G\u00e9ophysique de S. Kalinowski \u00e0 \u015awider 1979, Publs. Inst. Geophys. Pol. Acad. Sci. 148 (D-12) , 1981.<\/p>\n\n\n\n<p>Warzecha S. (Ed.): \u00c9lectricit\u00e9 atmosph\u00e9rique et m\u00e9t\u00e9orologie Observatoire G\u00e9ophysique de S. Kalinowski \u00e0 \u015awider 1980, Publs. Inst. Geophys. Pol. Acad. Sci. 151 (D-14) , 1982.<\/p>\n\n\n\n<p>Warzecha S. (Ed.): \u00c9lectricit\u00e9 atmosph\u00e9rique et m\u00e9t\u00e9orologie Observatoire G\u00e9ophysique de S. Kalinowski \u00e0 \u015awider 1981, Publs. Inst. Geophys. Pol. Acad. Sci. 158 (D-16), 1982.<\/p>\n\n\n\n<p>Warzecha S. (Ed.): \u00c9lectricit\u00e9 atmosph\u00e9rique et m\u00e9t\u00e9orologie Observatoire G\u00e9ophysique de S. Kalinowski \u00e0 \u015awider 1982, Publs. Inst. Geophys. Pol. Acad. Sci. 168 (D-17), 1983.<\/p>\n\n\n\n<p>Warzecha S. (Ed.): \u00c9lectricit\u00e9 atmosph\u00e9rique et m\u00e9t\u00e9orologie Observatoire G\u00e9ophysique de S. Kalinowski \u00e0 \u015awider 1983, Publs. Inst. Geophys. Pol. Acad. Sci. 177 (D-19), 1984.<\/p>\n\n\n\n<p>Warzecha S. (Ed.): \u00c9lectricit\u00e9 atmosph\u00e9rique et m\u00e9t\u00e9orologie Observatoire G\u00e9ophysique de S. Kalinowski \u00e0 \u015awider 1984, Publs. Inst. Geophys. Pol. Acad. Sci. 190 (D-23), 1985.<\/p>\n\n\n\n<p>Warzecha S. (Ed.): \u00c9lectricit\u00e9 atmosph\u00e9rique et m\u00e9t\u00e9orologie Observatoire G\u00e9ophysique de S. Kalinowski \u00e0 \u015awider 1985, Publs. Inst. Geophys. Pol. Acad. Sci. 194 (D-24), 1986.<\/p>\n\n\n\n<p>Warzecha S. (Ed.): \u00c9lectricit\u00e9 atmosph\u00e9rique et m\u00e9t\u00e9orologie Observatoire G\u00e9ophysique de S. Kalinowski \u00e0 \u015awider 1986, Publs. Inst. Geophys. Pol. Acad. Sci. 209 (D-27), 1987.<\/p>\n\n\n\n<p>Warzecha S. (Ed.): \u00c9lectricit\u00e9 atmosph\u00e9rique et m\u00e9t\u00e9orologie Observatoire G\u00e9ophysique de S. Kalinowski \u00e0 \u015awider 1987, Publs. Inst. Geophys. Pol. Acad. Sci. 219 (D-29), 1988.<\/p>\n\n\n\n<p>Warzecha S. (Ed.): \u00c9lectricit\u00e9 atmosph\u00e9rique et m\u00e9t\u00e9orologie Observatoire G\u00e9ophysique de S. Kalinowski \u00e0 \u015awider 1988, Publs. Inst. Geophys. Pol. Acad. Sci. 229 (D-31), 1989.<\/p>\n\n\n\n<p>Warzecha S. (Ed.): \u00c9lectricit\u00e9 atmosph\u00e9rique et m\u00e9t\u00e9orologie Observatoire G\u00e9ophysique de S. Kalinowski \u00e0 \u015awider 1989, Publs. Inst. Geophys. Pol. Acad. Sci. 234 (D-34), 1991.<\/p>\n\n\n\n<p>Warzecha S. (Ed.): \u00c9lectricit\u00e9 atmosph\u00e9rique et m\u00e9t\u00e9orologie Observatoire G\u00e9ophysique de S. Kalinowski \u00e0 \u015awider 1990, Publs. Inst. Geophys. Pol. Acad. Sci. 247 (D-37), 1991.<\/p>\n\n\n\n<p>Warzecha S. (Ed.): \u00c9lectricit\u00e9 atmosph\u00e9rique et m\u00e9t\u00e9orologie Observatoire G\u00e9ophysique de S. Kalinowski \u00e0 \u015awider 1991, Publs. Inst. Geophys. Pol. Acad. Sci. 253 (D-39), 1992.<\/p>\n\n\n\n<p>Warzecha S., Kubicki M. (Eds.): \u00c9lectricit\u00e9 atmosph\u00e9rique et m\u00e9t\u00e9orologie Observatoire G\u00e9ophysique de S. Kalinowski \u00e0 \u015awider 1992, Publs. Inst. Geophys. Pol. Acad. Sci. 264 (D-41), 1993.<\/p>\n\n\n\n<p>Warzecha S., Kubicki M. (Eds.): \u00c9lectricit\u00e9 atmosph\u00e9rique et m\u00e9t\u00e9orologie Observatoire G\u00e9ophysique de S. Kalinowski \u00e0 \u015awider 1993, Publs. Inst. Geophys. Pol. Acad. Sci. 271 (D-43), 1994.<\/p>\n\n\n\n<p>Warzecha S., Kubicki M. (Eds.): \u00c9lectricit\u00e9 atmosph\u00e9rique et m\u00e9t\u00e9orologie Observatoire G\u00e9ophysique de S. Kalinowski \u00e0 \u015awider 1994, Publs. Inst. Geophys. Pol. Acad. Sci. 280 (D-44), 1995.<\/p>\n\n\n\n<p>Warzecha S., Kubicki M. (Eds.): \u00c9lectricit\u00e9 atmosph\u00e9rique et m\u00e9t\u00e9orologie Observatoire G\u00e9ophysique de S. Kalinowski \u00e0 \u015awider 1995, Publs. Inst. Geophys. Pol. Acad. Sci. 290 (D-47), 1997.<\/p>\n\n\n\n<p>Kubicki M. (Ed.): Results of atmospheric electricity and meteorological observations. S. Kalinowski Geophysical Observatory at \u015awider \u2013 1996, Publs. Inst. Geophys. Pol. Acad. Sci. 299 (D-49), 1998.<\/p>\n\n\n\n<p>Kubicki M. (Ed.): Results of atmospheric electricity and meteorological observations. S. Kalinowski Geophysical Observatory at \u015awider \u2013 1997, Publs. Inst. Geophys. Pol. Acad. Sci. 307 (D-51), 1999.<\/p>\n\n\n\n<p>Kubicki M. (Ed.): Results of atmospheric electricity and meteorological observations. S. Kalinowski Geophysical Observatory at \u015awider \u2013 1998, Publs. Inst. Geophys. Pol. Acad. Sci. 321 (D-52), 1999.<\/p>\n\n\n\n<p>Kubicki M. (Ed.): Results of atmospheric electricity and meteorological observations. S. Kalinowski Geophysical Observatory at \u015awider \u2013 1999, Publs. Inst. Geophys. Pol. Acad. Sci. 324 (D-54), 2000.<\/p>\n\n\n\n<p>Kubicki M. (Ed.): Results of atmospheric electricity and meteorological observations. S. Kalinowski Geophysical Observatory at \u015awider \u2013 2000, Publs. Inst. Geophys. Pol. Acad. Sci. 333 (D-56), 2001.<\/p>\n\n\n\n<p>Kubicki M. (Ed.): Results of atmospheric electricity and meteorological observations. S. Kalinowski Geophysical Observatory at \u015awider \u2013 2001, Publs. Inst. Geophys. Pol. Acad. Sci. 342 (D-58), 2002.<\/p>\n\n\n\n<p>Kubicki M. (Ed.): Results of atmospheric electricity and meteorological observations. S. Kalinowski Geophysical Observatory at \u015awider \u2013 2002, Publs. Inst. Geophys. Pol. Acad. Sci. 355 (D-61), 2003.<\/p>\n\n\n\n<p>Kubicki M. (Ed.): Results of atmospheric electricity and meteorological observations. S. Kalinowski Geophysical Observatory at \u015awider \u2013 2003, Publs. Inst. Geophys. Pol. Acad. Sci. 372 (D-65), 2004.<\/p>\n\n\n\n<p>Kubicki M. (Ed.): Results of atmospheric electricity and meteorological observations. S. Kalinowski Geophysical Observatory at \u015awider \u2013 2004, Publs. Inst. Geophys. Pol. Acad. Sci. 383 (D-68), 2005.<\/p>\n\n\n\n<p>Kubicki M. (Ed.): Results of atmospheric electricity and meteorological observations. S. Kalinowski Geophysical Observatory at \u015awider, 2005, Publs. Inst. Geophys. Pol. Acad. Sci. 391 (D-71), 2006.<\/p>\n\n\n\n<p><sub>Last updated 20 March 2026<\/sub><\/p>\n","protected":false},"excerpt":{"rendered":"<p>Main POLGEC digital dataset was created from paper publications of \u015awider Geophysical Observatory and Institute of Geophysics PAS, previously published as \u015awider atmospheric electricity and meteorology yearbooks. The collection edited by us contains scanned yearbooks 1957-2005, and data transcribed from all tables. The dataset will be available in open access from January 20, 2026. Link: [&hellip;]<\/p>\n","protected":false},"author":13,"featured_media":0,"parent":0,"menu_order":0,"comment_status":"closed","ping_status":"closed","template":"","meta":{"footnotes":""},"class_list":["post-2026","page","type-page","status-publish","hentry"],"_links":{"self":[{"href":"https:\/\/polgec.igf.edu.pl\/index.php\/wp-json\/wp\/v2\/pages\/2026","targetHints":{"allow":["GET"]}}],"collection":[{"href":"https:\/\/polgec.igf.edu.pl\/index.php\/wp-json\/wp\/v2\/pages"}],"about":[{"href":"https:\/\/polgec.igf.edu.pl\/index.php\/wp-json\/wp\/v2\/types\/page"}],"author":[{"embeddable":true,"href":"https:\/\/polgec.igf.edu.pl\/index.php\/wp-json\/wp\/v2\/users\/13"}],"replies":[{"embeddable":true,"href":"https:\/\/polgec.igf.edu.pl\/index.php\/wp-json\/wp\/v2\/comments?post=2026"}],"version-history":[{"count":1,"href":"https:\/\/polgec.igf.edu.pl\/index.php\/wp-json\/wp\/v2\/pages\/2026\/revisions"}],"predecessor-version":[{"id":2437,"href":"https:\/\/polgec.igf.edu.pl\/index.php\/wp-json\/wp\/v2\/pages\/2026\/revisions\/2437"}],"wp:attachment":[{"href":"https:\/\/polgec.igf.edu.pl\/index.php\/wp-json\/wp\/v2\/media?parent=2026"}],"curies":[{"name":"wp","href":"https:\/\/api.w.org\/{rel}","templated":true}]}}