{"id":1966,"date":"2024-12-31T18:25:08","date_gmt":"2024-12-31T17:25:08","guid":{"rendered":"https:\/\/polgec.igf.edu.pl\/?page_id=1966"},"modified":"2026-03-20T11:30:28","modified_gmt":"2026-03-20T10:30:28","slug":"exhibition-people","status":"publish","type":"page","link":"https:\/\/polgec.igf.edu.pl\/index.php\/exhibition-people\/","title":{"rendered":"Exhibition &#8211; People"},"content":{"rendered":"\n<p class=\"has-text-align-center\"><em>The Beginnings of Atmospheric Electricity Measurements at the Geophysical Observatory in \u015awider<\/em><\/p>\n\n\n\n<h2 class=\"wp-block-heading\"><strong>The Team Behind the Measurements<\/strong><\/h2>\n\n\n\n<p>Atmospheric electricity research in \u015awider was a collaborative effort, powered by a small but dedicated team:<br><strong>Benedykt Stanis\u0142aw Kalinowski<\/strong><br>Founder, director, visionary. He designed the Observatory, secured funding, and pushed to expand its scientific scope from magnetism to atmospheric electricity. His energy and persistence kept the project alive during difficult years.<br><strong>Wanda Dr\u00e8ge<\/strong><br>A long\u2011serving assistant who had worked with Kalinowski since the early 1910s. She helped operate instruments, make observations, and maintain the station\u2019s scientific continuity.<br><strong>Zofia Kalinowska<\/strong><br>Kalinowski\u2019s daughter and a crucial member of the team, responsible for supporting both magnetic and atmospheric measurements. Her careful daily work ensured the continuity and reliability of the recordings. <br><strong>Henryk J\u0119drzejowski<\/strong><br>Joined in 1928 and installed the first atmospheric potential gradient measurement system with one Benndorf electrometer. <br><strong>Antoni Liliental<\/strong><br>Initially a student intern in 1929, later an important early operator of the atmospheric electricity instruments until his departure in the early 1930s.<br><strong>Ewa Kalinowska\u2011Widomska<\/strong><br>The younger daughter of the founder, who contributed voluntarily before the war and later became an essential figure in post\u2011war atmospheric electricity research.<br><\/p>\n\n\n\n<p>Together, these individuals ensured that \u015awider would remain a reference point for geophysical research throughout the 20th century.<\/p>\n\n\n\n<div class=\"wp-block-media-text is-stacked-on-mobile\"><figure class=\"wp-block-media-text__media\"><img loading=\"lazy\" decoding=\"async\" width=\"427\" height=\"640\" src=\"https:\/\/polgec.igf.edu.pl\/wp-content\/uploads\/2026\/03\/Designer_KalinowskiS.png\" alt=\"\" class=\"wp-image-2077 size-full\" srcset=\"https:\/\/polgec.igf.edu.pl\/wp-content\/uploads\/2026\/03\/Designer_KalinowskiS.png 427w, https:\/\/polgec.igf.edu.pl\/wp-content\/uploads\/2026\/03\/Designer_KalinowskiS-200x300.png 200w\" sizes=\"auto, (max-width: 427px) 100vw, 427px\" \/><\/figure><div class=\"wp-block-media-text__content\">\n<p><strong>Stanis\u0142aw Kalinowski<\/strong> <em>(1873-1946)<\/em><\/p>\n\n\n\n<p>Founder of \u015awider observatory, scientist, director, visionary organizer<\/p>\n<\/div><\/div>\n\n\n\n<div class=\"wp-block-media-text is-stacked-on-mobile\"><figure class=\"wp-block-media-text__media\"><img loading=\"lazy\" decoding=\"async\" width=\"427\" height=\"640\" src=\"https:\/\/polgec.igf.edu.pl\/wp-content\/uploads\/2026\/03\/Designer_DregeW-1.png\" alt=\"\" class=\"wp-image-2089 size-full\" srcset=\"https:\/\/polgec.igf.edu.pl\/wp-content\/uploads\/2026\/03\/Designer_DregeW-1.png 427w, https:\/\/polgec.igf.edu.pl\/wp-content\/uploads\/2026\/03\/Designer_DregeW-1-200x300.png 200w\" sizes=\"auto, (max-width: 427px) 100vw, 427px\" \/><\/figure><div class=\"wp-block-media-text__content\">\n<p><strong>Wanda Dr\u00e8ge<\/strong> <em>(1887-1965)<\/em><\/p>\n\n\n\n<p>Long\u2011serving assistant, observer and researcher, ensuring daily continuity of magnetic and atmospheric electricity records, continuing the work through the 1930s<\/p>\n<\/div><\/div>\n\n\n\n<div class=\"wp-block-media-text is-stacked-on-mobile\"><figure class=\"wp-block-media-text__media\"><img loading=\"lazy\" decoding=\"async\" width=\"427\" height=\"640\" src=\"https:\/\/polgec.igf.edu.pl\/wp-content\/uploads\/2026\/03\/Designer_KalinowskaZ.png\" alt=\"\" class=\"wp-image-2080 size-full\" srcset=\"https:\/\/polgec.igf.edu.pl\/wp-content\/uploads\/2026\/03\/Designer_KalinowskaZ.png 427w, https:\/\/polgec.igf.edu.pl\/wp-content\/uploads\/2026\/03\/Designer_KalinowskaZ-200x300.png 200w\" sizes=\"auto, (max-width: 427px) 100vw, 427px\" \/><\/figure><div class=\"wp-block-media-text__content\">\n<p><strong>Zofia Kalinowska<\/strong> <em>(1904-1983)<\/em><\/p>\n\n\n\n<p>Long-serving assistant, observer and scientist, continuing the work through the 1930s. After the Second World War director of \u015awider observatory in the transition phase from a magnetic to atmospheric electricity research station<\/p>\n<\/div><\/div>\n\n\n\n<div class=\"wp-block-media-text is-stacked-on-mobile\"><figure class=\"wp-block-media-text__media\"><img loading=\"lazy\" decoding=\"async\" width=\"343\" height=\"458\" src=\"https:\/\/polgec.igf.edu.pl\/wp-content\/uploads\/2026\/03\/Designer_Jedrzejowski-1.png\" alt=\"\" class=\"wp-image-2155 size-full\" srcset=\"https:\/\/polgec.igf.edu.pl\/wp-content\/uploads\/2026\/03\/Designer_Jedrzejowski-1.png 343w, https:\/\/polgec.igf.edu.pl\/wp-content\/uploads\/2026\/03\/Designer_Jedrzejowski-1-225x300.png 225w\" sizes=\"auto, (max-width: 343px) 100vw, 343px\" \/><\/figure><div class=\"wp-block-media-text__content\">\n<p><strong>Henryk J\u0119drzejowski<\/strong> <em>(1897-1937)<\/em><\/p>\n\n\n\n<p>Physicist. Installed the first Benndorf electrometer in 1928 for electric potential gradient (PG) measurements<\/p>\n<\/div><\/div>\n\n\n\n<div class=\"wp-block-media-text is-stacked-on-mobile\"><figure class=\"wp-block-media-text__media\"><img loading=\"lazy\" decoding=\"async\" width=\"427\" height=\"640\" src=\"https:\/\/polgec.igf.edu.pl\/wp-content\/uploads\/2026\/03\/Designer_Liliental.png\" alt=\"\" class=\"wp-image-2092 size-full\" srcset=\"https:\/\/polgec.igf.edu.pl\/wp-content\/uploads\/2026\/03\/Designer_Liliental.png 427w, https:\/\/polgec.igf.edu.pl\/wp-content\/uploads\/2026\/03\/Designer_Liliental-200x300.png 200w\" sizes=\"auto, (max-width: 427px) 100vw, 427px\" \/><\/figure><div class=\"wp-block-media-text__content\">\n<p><strong>Antoni Liliental<\/strong> <em>(1908-1940)<\/em><\/p>\n\n\n\n<p>Student of Warsaw University of Technology. Early operator of instruments, installed a pair of Benndorf electrometers; contributed during 1929-1931.<\/p>\n<\/div><\/div>\n\n\n\n<div class=\"wp-block-media-text is-stacked-on-mobile\"><figure class=\"wp-block-media-text__media\"><img loading=\"lazy\" decoding=\"async\" width=\"427\" height=\"640\" src=\"https:\/\/polgec.igf.edu.pl\/wp-content\/uploads\/2026\/03\/Designer_KalinowskaE.png\" alt=\"\" class=\"wp-image-2095 size-full\" srcset=\"https:\/\/polgec.igf.edu.pl\/wp-content\/uploads\/2026\/03\/Designer_KalinowskaE.png 427w, https:\/\/polgec.igf.edu.pl\/wp-content\/uploads\/2026\/03\/Designer_KalinowskaE-200x300.png 200w\" sizes=\"auto, (max-width: 427px) 100vw, 427px\" \/><\/figure><div class=\"wp-block-media-text__content\">\n<p><strong>Ewa Kalinowska-Widomska<\/strong> <em>(1906-1976)<\/em><\/p>\n\n\n\n<p>Voluntary assistant before the war, observer and scientist, major contributor in the post\u20111948 revival. Specialised in PG reduction measurements<\/p>\n<\/div><\/div>\n\n\n\n<div style=\"height:32px\" aria-hidden=\"true\" class=\"wp-block-spacer\"><\/div>\n\n\n\n<div class=\"wp-block-columns is-layout-flex wp-container-core-columns-is-layout-9d6595d7 wp-block-columns-is-layout-flex\">\n<div class=\"wp-block-column is-layout-flow wp-block-column-is-layout-flow\">\n<div class=\"wp-block-buttons is-layout-flex wp-block-buttons-is-layout-flex\">\n<div class=\"wp-block-button has-custom-width wp-block-button__width-100 is-style-outline is-style-outline--1\"><a class=\"wp-block-button__link wp-element-button\" href=\"https:\/\/polgec.igf.edu.pl\/index.php\/exhibition-apparatus\/\">&lt; Apparatus<\/a><\/div>\n<\/div>\n<\/div>\n\n\n\n<div class=\"wp-block-column is-layout-flow wp-block-column-is-layout-flow\">\n<div class=\"wp-block-buttons is-layout-flex wp-block-buttons-is-layout-flex\">\n<div class=\"wp-block-button has-custom-width wp-block-button__width-100 is-style-outline is-style-outline--2\"><a class=\"wp-block-button__link wp-element-button\" href=\"https:\/\/polgec.igf.edu.pl\/index.php\/exhibition-research\/\">Research ><\/a><\/div>\n<\/div>\n<\/div>\n<\/div>\n\n\n\n<p><sub>Last updated 20 March 2026<\/sub><\/p>\n","protected":false},"excerpt":{"rendered":"<p>The Beginnings of Atmospheric Electricity Measurements at the Geophysical Observatory in \u015awider The Team Behind the Measurements Atmospheric electricity research in \u015awider was a collaborative effort, powered by a small but dedicated team:Benedykt Stanis\u0142aw KalinowskiFounder, director, visionary. He designed the Observatory, secured funding, and pushed to expand its scientific scope from magnetism to atmospheric electricity. [&hellip;]<\/p>\n","protected":false},"author":13,"featured_media":0,"parent":0,"menu_order":0,"comment_status":"closed","ping_status":"closed","template":"","meta":{"footnotes":""},"class_list":["post-1966","page","type-page","status-publish","hentry"],"_links":{"self":[{"href":"https:\/\/polgec.igf.edu.pl\/index.php\/wp-json\/wp\/v2\/pages\/1966","targetHints":{"allow":["GET"]}}],"collection":[{"href":"https:\/\/polgec.igf.edu.pl\/index.php\/wp-json\/wp\/v2\/pages"}],"about":[{"href":"https:\/\/polgec.igf.edu.pl\/index.php\/wp-json\/wp\/v2\/types\/page"}],"author":[{"embeddable":true,"href":"https:\/\/polgec.igf.edu.pl\/index.php\/wp-json\/wp\/v2\/users\/13"}],"replies":[{"embeddable":true,"href":"https:\/\/polgec.igf.edu.pl\/index.php\/wp-json\/wp\/v2\/comments?post=1966"}],"version-history":[{"count":17,"href":"https:\/\/polgec.igf.edu.pl\/index.php\/wp-json\/wp\/v2\/pages\/1966\/revisions"}],"predecessor-version":[{"id":2449,"href":"https:\/\/polgec.igf.edu.pl\/index.php\/wp-json\/wp\/v2\/pages\/1966\/revisions\/2449"}],"wp:attachment":[{"href":"https:\/\/polgec.igf.edu.pl\/index.php\/wp-json\/wp\/v2\/media?parent=1966"}],"curies":[{"name":"wp","href":"https:\/\/api.w.org\/{rel}","templated":true}]}}