{"id":1207,"date":"2024-08-01T13:00:13","date_gmt":"2024-08-01T11:00:13","guid":{"rendered":"https:\/\/polgec.igf.edu.pl\/?page_id=1207"},"modified":"2024-09-25T12:57:25","modified_gmt":"2024-09-25T10:57:25","slug":"participants","status":"publish","type":"page","link":"https:\/\/polgec.igf.edu.pl\/index.php\/participants\/","title":{"rendered":"Participants"},"content":{"rendered":"\n<p>List of pre-registered workshop participants (28) in alphabetical order:<\/p>\n\n\n\n<p><strong>Bara\u0144ski Piotr<\/strong><\/p>\n\n\n\n<p><strong>Boz\u00f3ki Tam\u00e1s<\/strong><\/p>\n\n\n\n<p><strong>Ciechowska Helena<\/strong><\/p>\n\n\n\n<p><strong>Czubak Pawe\u0142<\/strong><\/p>\n\n\n\n<p><strong>Fernandes Alnilam<\/strong><\/p>\n\n\n\n<p><strong>Gurmani Samia<\/strong><\/p>\n\n\n\n<p><strong>Jujeczko Pawe\u0142<\/strong><\/p>\n\n\n\n<p><strong>Kamogawa Masashi<\/strong><\/p>\n\n\n\n<p><strong>Karapetian Gayane<\/strong><\/p>\n\n\n\n<p><strong>Karasi\u0144ski Grzegorz<\/strong><\/p>\n\n\n\n<p><strong>K\u0119pski Daniel<\/strong><\/p>\n\n\n\n<p><strong>Kiraga Rados\u0142aw<\/strong><\/p>\n\n\n\n<p><strong>Milan Steve<\/strong><\/p>\n\n\n\n<p><strong>Neska Anne<\/strong><\/p>\n\n\n\n<p><strong>Neska Mariusz<\/strong><\/p>\n\n\n\n<p><strong>Odzimek Anna<\/strong><\/p>\n\n\n\n<p><strong>Pawlak Izabela<\/strong><\/p>\n\n\n\n<p><strong>Pietruczuk Aleksander<\/strong><\/p>\n\n\n\n<p><strong>Phung Thi Anna<\/strong><\/p>\n\n\n\n<p><strong>Popowska Karolina<\/strong><\/p>\n\n\n\n<p><strong>Reda Jan<\/strong><\/p>\n\n\n\n<p><strong>Romero Rub\u00e9n<\/strong><\/p>\n\n\n\n<p><strong>Rycroft Michael<\/strong><\/p>\n\n\n\n<p><strong>Szkop Artur<\/strong><\/p>\n\n\n\n<p><strong>Tacza Jos\u00e9<\/strong><\/p>\n\n\n\n<p><strong>Tinsley Brian<\/strong><\/p>\n\n\n\n<p><strong>Walach Maria<\/strong><\/p>\n\n\n\n<p><strong>Williams Earle<\/strong><\/p>\n\n\n\n<p>Onsite registrations: (2)<\/p>\n\n\n\n<p><strong>Kubicki Marek<\/strong><\/p>\n\n\n\n<p><em>Last updated: 25 September 2024<\/em><\/p>\n\n\n\n<p><\/p>\n","protected":false},"excerpt":{"rendered":"<p>List of pre-registered workshop participants (28) in alphabetical order: Bara\u0144ski Piotr Boz\u00f3ki Tam\u00e1s Ciechowska Helena Czubak Pawe\u0142 Fernandes Alnilam Gurmani Samia Jujeczko Pawe\u0142 Kamogawa Masashi Karapetian Gayane Karasi\u0144ski Grzegorz K\u0119pski Daniel Kiraga Rados\u0142aw Milan Steve Neska Anne Neska Mariusz Odzimek Anna Pawlak Izabela Pietruczuk Aleksander Phung Thi Anna Popowska Karolina Reda Jan Romero Rub\u00e9n Rycroft [&hellip;]<\/p>\n","protected":false},"author":13,"featured_media":0,"parent":0,"menu_order":0,"comment_status":"closed","ping_status":"closed","template":"","meta":{"footnotes":""},"class_list":["post-1207","page","type-page","status-publish","hentry"],"_links":{"self":[{"href":"https:\/\/polgec.igf.edu.pl\/index.php\/wp-json\/wp\/v2\/pages\/1207","targetHints":{"allow":["GET"]}}],"collection":[{"href":"https:\/\/polgec.igf.edu.pl\/index.php\/wp-json\/wp\/v2\/pages"}],"about":[{"href":"https:\/\/polgec.igf.edu.pl\/index.php\/wp-json\/wp\/v2\/types\/page"}],"author":[{"embeddable":true,"href":"https:\/\/polgec.igf.edu.pl\/index.php\/wp-json\/wp\/v2\/users\/13"}],"replies":[{"embeddable":true,"href":"https:\/\/polgec.igf.edu.pl\/index.php\/wp-json\/wp\/v2\/comments?post=1207"}],"version-history":[{"count":28,"href":"https:\/\/polgec.igf.edu.pl\/index.php\/wp-json\/wp\/v2\/pages\/1207\/revisions"}],"predecessor-version":[{"id":1846,"href":"https:\/\/polgec.igf.edu.pl\/index.php\/wp-json\/wp\/v2\/pages\/1207\/revisions\/1846"}],"wp:attachment":[{"href":"https:\/\/polgec.igf.edu.pl\/index.php\/wp-json\/wp\/v2\/media?parent=1207"}],"curies":[{"name":"wp","href":"https:\/\/api.w.org\/{rel}","templated":true}]}}